{"id":2012,"date":"2024-10-20T07:56:46","date_gmt":"2024-10-20T07:56:46","guid":{"rendered":"https:\/\/animalcommunicationibiza.com\/contact-us\/"},"modified":"2025-03-12T11:17:43","modified_gmt":"2025-03-12T11:17:43","slug":"contacto","status":"publish","type":"page","link":"https:\/\/animalcommunicationibiza.com\/es\/contacto\/","title":{"rendered":"Contacto"},"content":{"rendered":"\t\t<div data-elementor-type=\"wp-post\" data-elementor-id=\"2012\" class=\"elementor elementor-2012 elementor-20\" data-elementor-post-type=\"page\">\n\t\t\t\t<div class=\"elementor-element elementor-element-a565d7a e-flex e-con-boxed wpr-particle-no wpr-jarallax-no wpr-parallax-no wpr-sticky-section-no e-con e-parent\" data-id=\"a565d7a\" data-element_type=\"container\">\n\t\t\t\t\t<div class=\"e-con-inner\">\n\t\t<div class=\"elementor-element elementor-element-176c9c0 e-con-full e-flex wpr-particle-no wpr-jarallax-no wpr-parallax-no wpr-sticky-section-no e-con e-child\" data-id=\"176c9c0\" data-element_type=\"container\">\n\t\t\t\t<div class=\"elementor-element elementor-element-fe0f209 elementor-vertical-align-top elementor-widget elementor-widget-image-box\" data-id=\"fe0f209\" data-element_type=\"widget\" data-widget_type=\"image-box.default\">\n\t\t\t\t<div class=\"elementor-widget-container\">\n\t\t\t\t\t<div class=\"elementor-image-box-wrapper\"><div class=\"elementor-image-box-content\"><h1 class=\"elementor-image-box-title\">Ponte en contacto<\/h1><p class=\"elementor-image-box-description\">Estoy aqu\u00ed para ayudarte a ti y a tus compa\u00f1eros animales. Si tienes preguntas sobre mis servicios o deseas reservar una sesi\u00f3n ponte en contacto, ser\u00e1 un placer acompa\u00f1arte en este camino. <\/p><\/div><\/div>\t\t\t\t<\/div>\n\t\t\t\t<\/div>\n\t\t\t\t<div class=\"elementor-element elementor-element-20998ac elementor-widget elementor-widget-text-editor\" data-id=\"20998ac\" data-element_type=\"widget\" data-widget_type=\"text-editor.default\">\n\t\t\t\t<div class=\"elementor-widget-container\">\n\t\t\t\t\t\t\t\t\t<p><strong>Tu camino hacia la armon\u00eda y la sanaci\u00f3n comienza aqu\u00ed:<\/strong><\/p>\t\t\t\t\t\t\t\t<\/div>\n\t\t\t\t<\/div>\n\t\t\t\t<div class=\"elementor-element elementor-element-858f04d elementor-widget elementor-widget-image\" data-id=\"858f04d\" data-element_type=\"widget\" data-widget_type=\"image.default\">\n\t\t\t\t<div class=\"elementor-widget-container\">\n\t\t\t\t\t\t\t\t\t\t\t\t\t\t\t<img fetchpriority=\"high\" decoding=\"async\" width=\"651\" height=\"527\" src=\"https:\/\/animalcommunicationibiza.com\/wp-content\/uploads\/2024\/12\/rb_2150104536.png\" class=\"attachment-large size-large wp-image-1999\" alt=\"\" srcset=\"https:\/\/animalcommunicationibiza.com\/wp-content\/uploads\/2024\/12\/rb_2150104536.png 651w, https:\/\/animalcommunicationibiza.com\/wp-content\/uploads\/2024\/12\/rb_2150104536-300x243.png 300w\" sizes=\"(max-width: 651px) 100vw, 651px\" \/>\t\t\t\t\t\t\t\t\t\t\t\t\t\t\t<\/div>\n\t\t\t\t<\/div>\n\t\t\t\t<\/div>\n\t\t<div class=\"elementor-element elementor-element-88ad6fe e-con-full e-flex wpr-particle-no wpr-jarallax-no wpr-parallax-no wpr-sticky-section-no e-con e-child\" data-id=\"88ad6fe\" data-element_type=\"container\">\n\t\t\t\t<div class=\"elementor-element elementor-element-392de5b elementor-widget elementor-widget-heading\" data-id=\"392de5b\" data-element_type=\"widget\" data-widget_type=\"heading.default\">\n\t\t\t\t<div class=\"elementor-widget-container\">\n\t\t\t\t\t<h2 class=\"elementor-heading-title elementor-size-default\">Cont\u00e1ctame<\/h2>\t\t\t\t<\/div>\n\t\t\t\t<\/div>\n\t\t\t\t<div class=\"elementor-element elementor-element-e3a31d4 elementor-widget elementor-widget-text-editor\" data-id=\"e3a31d4\" data-element_type=\"widget\" data-widget_type=\"text-editor.default\">\n\t\t\t\t<div class=\"elementor-widget-container\">\n\t\t\t\t\t\t\t\t\t\nCont\u00e1ctame hoy y da el primer paso hacia una mayor comprensi\u00f3n y bienestar para tu compa\u00f1ero animal.\n \t\t\t\t\t\t\t\t<\/div>\n\t\t\t\t<\/div>\n\t\t\t\t<div class=\"elementor-element elementor-element-7fb3a4b elementor-widget elementor-widget-heading\" data-id=\"7fb3a4b\" data-element_type=\"widget\" data-widget_type=\"heading.default\">\n\t\t\t\t<div class=\"elementor-widget-container\">\n\t\t\t\t\t<h4 class=\"elementor-heading-title elementor-size-default\">Tel\u00e9fono: (+34) 630 749 572 <\/h4>\t\t\t\t<\/div>\n\t\t\t\t<\/div>\n\t\t\t\t<div class=\"elementor-element elementor-element-416e29b elementor-widget elementor-widget-heading\" data-id=\"416e29b\" data-element_type=\"widget\" data-widget_type=\"heading.default\">\n\t\t\t\t<div class=\"elementor-widget-container\">\n\t\t\t\t\t<h4 class=\"elementor-heading-title elementor-size-default\"><a href=\"mailto:info@animalcommunicationibiza.com\">E-mail: info@animalcommunicationibiza.com<\/a><\/h4>\t\t\t\t<\/div>\n\t\t\t\t<\/div>\n\t\t\t\t<div class=\"elementor-element elementor-element-78b5d71 elementor-widget elementor-widget-heading\" data-id=\"78b5d71\" data-element_type=\"widget\" data-widget_type=\"heading.default\">\n\t\t\t\t<div class=\"elementor-widget-container\">\n\t\t\t\t\t<h2 class=\"elementor-heading-title elementor-size-default\">Reserva tu sesi\u00f3n<\/h2>\t\t\t\t<\/div>\n\t\t\t\t<\/div>\n\t\t\t\t<div class=\"elementor-element elementor-element-e8fdfb6 elementor-widget elementor-widget-text-editor\" data-id=\"e8fdfb6\" data-element_type=\"widget\" data-widget_type=\"text-editor.default\">\n\t\t\t\t<div class=\"elementor-widget-container\">\n\t\t\t\t\t\t\t\t\t\n\u00bfEst\u00e1s listo para fortalecer el v\u00ednculo con tu animal, equilibrar su energ\u00eda o explorar un enfoque de cuidado hol\u00edstico?\n \t\t\t\t\t\t\t\t<\/div>\n\t\t\t\t<\/div>\n\t\t\t\t<div class=\"elementor-element elementor-element-d0c73c6 elementor-mobile-align-center elementor-widget elementor-widget-button\" data-id=\"d0c73c6\" data-element_type=\"widget\" data-widget_type=\"button.default\">\n\t\t\t\t<div class=\"elementor-widget-container\">\n\t\t\t\t\t\t\t\t\t<div class=\"elementor-button-wrapper\">\n\t\t\t\t\t<a class=\"elementor-button elementor-button-link elementor-size-md\" href=\"mailto:info@animalcommunicationibiza.com\">\n\t\t\t\t\t\t<span class=\"elementor-button-content-wrapper\">\n\t\t\t\t\t\t<span class=\"elementor-button-icon\">\n\t\t\t\t<svg aria-hidden=\"true\" class=\"e-font-icon-svg e-fas-caret-right\" viewBox=\"0 0 192 512\" xmlns=\"http:\/\/www.w3.org\/2000\/svg\"><path d=\"M0 384.662V127.338c0-17.818 21.543-26.741 34.142-14.142l128.662 128.662c7.81 7.81 7.81 20.474 0 28.284L34.142 398.804C21.543 411.404 0 402.48 0 384.662z\"><\/path><\/svg>\t\t\t<\/span>\n\t\t\t\t\t\t\t\t\t<span class=\"elementor-button-text\"> \u00a1Haz clic aqu\u00ed para reservar tu sesi\u00f3n ahora! <\/span>\n\t\t\t\t\t<\/span>\n\t\t\t\t\t<\/a>\n\t\t\t\t<\/div>\n\t\t\t\t\t\t\t\t<\/div>\n\t\t\t\t<\/div>\n\t\t\t\t<div class=\"elementor-element elementor-element-e1ce19d elementor-hidden-desktop elementor-hidden-tablet elementor-hidden-mobile elementor-widget elementor-widget-shortcode\" data-id=\"e1ce19d\" data-element_type=\"widget\" data-widget_type=\"shortcode.default\">\n\t\t\t\t<div class=\"elementor-widget-container\">\n\t\t\t\t\t\t\t<div class=\"elementor-shortcode\"><div class=\"wpforms-container \" id=\"wpforms-13\"><form id=\"wpforms-form-13\" class=\"wpforms-validate wpforms-form\" data-formid=\"13\" method=\"post\" enctype=\"multipart\/form-data\" action=\"\/es\/wp-json\/wp\/v2\/pages\/2012\" data-token=\"af947efa381b322e082658311d7ba0b7\" data-token-time=\"1776444350\"><noscript class=\"wpforms-error-noscript\">Por favor, activa JavaScript en tu navegador para completar este formulario.<\/noscript><div class=\"wpforms-field-container\"><div id=\"wpforms-13-field_0-container\" class=\"wpforms-field wpforms-field-name\" data-field-id=\"0\"><label class=\"wpforms-field-label\" for=\"wpforms-13-field_0\">So, what is your name? <span class=\"wpforms-required-label\">*<\/span><\/label><input type=\"text\" id=\"wpforms-13-field_0\" class=\"wpforms-field-large wpforms-field-required\" name=\"wpforms[fields][0]\" placeholder=\"Your Name\" required><\/div><div id=\"wpforms-13-field_4-container\" class=\"wpforms-field wpforms-field-text\" data-field-id=\"4\"><label class=\"wpforms-field-label\" for=\"wpforms-13-field_4\">And, what do you call your pet? <span class=\"wpforms-required-label\">*<\/span><\/label><input type=\"text\" id=\"wpforms-13-field_4\" class=\"wpforms-field-large wpforms-field-required\" name=\"wpforms[fields][4]\" placeholder=\"Your pet&#039;s name\" required><\/div><div id=\"wpforms-13-field_9-container\" class=\"wpforms-field wpforms-field-select\" data-field-id=\"9\"><label class=\"wpforms-field-label\" for=\"wpforms-13-field_9\">What is it? <span class=\"wpforms-required-label\">*<\/span><\/label><select id=\"wpforms-13-field_9\" class=\"wpforms-field-large wpforms-field-required\" name=\"wpforms[fields][9]\" required=\"required\"><option value=\"A Dog\"  class=\"choice-1 depth-1\"  >A Dog<\/option><option value=\"A Cat\"  class=\"choice-2 depth-1\"  >A Cat<\/option><\/select><\/div><div id=\"wpforms-13-field_2-container\" class=\"wpforms-field wpforms-field-textarea\" data-field-id=\"2\"><label class=\"wpforms-field-label\" for=\"wpforms-13-field_2\">Any cute habits of your pet? <span class=\"wpforms-required-label\">*<\/span><\/label><textarea id=\"wpforms-13-field_2\" class=\"wpforms-field-medium wpforms-field-required\" name=\"wpforms[fields][2]\" placeholder=\"Tell us more about your pet.\" required><\/textarea><\/div><div id=\"wpforms-13-field_6-container\" class=\"wpforms-field wpforms-field-number\" data-field-id=\"6\"><label class=\"wpforms-field-label\" for=\"wpforms-13-field_6\">What numbers should we dial? <span class=\"wpforms-required-label\">*<\/span><\/label><input type=\"number\" id=\"wpforms-13-field_6\" class=\"wpforms-field-large wpforms-field-required\" name=\"wpforms[fields][6]\" placeholder=\"Your Contact No.\" step=\"any\" required><\/div><\/div><!-- .wpforms-field-container --><div class=\"wpforms-field wpforms-field-hp\"><label for=\"wpforms-13-field-hp\" class=\"wpforms-field-label\">Comment<\/label><input type=\"text\" name=\"wpforms[hp]\" id=\"wpforms-13-field-hp\" class=\"wpforms-field-medium\"><\/div><div class=\"wpforms-submit-container\" ><input type=\"hidden\" name=\"wpforms[id]\" value=\"13\"><input type=\"hidden\" name=\"page_title\" value=\"\"><input type=\"hidden\" name=\"page_url\" value=\"https:\/\/animalcommunicationibiza.com\/es\/wp-json\/wp\/v2\/pages\/2012\"><input type=\"hidden\" name=\"url_referer\" value=\"\"><button type=\"submit\" name=\"wpforms[submit]\" id=\"wpforms-submit-13\" class=\"wpforms-submit\" data-alt-text=\"Sending...\" data-submit-text=\"Let&#039;s Connect!\" aria-live=\"assertive\" value=\"wpforms-submit\">Let&#039;s Connect!<\/button><\/div><\/form><\/div>  <!-- .wpforms-container -->\t<\/div>\n\t\t\t\t\t\t<\/div>\n\t\t\t\t<\/div>\n\t\t\t\t<\/div>\n\t\t\t\t\t<\/div>\n\t\t\t\t<\/div>\n\t\t<div class=\"elementor-element elementor-element-aef7270 e-con-full elementor-hidden-desktop elementor-hidden-tablet elementor-hidden-mobile e-flex wpr-particle-no wpr-jarallax-no wpr-parallax-no wpr-sticky-section-no e-con e-parent\" data-id=\"aef7270\" data-element_type=\"container\">\n\t\t<div class=\"elementor-element elementor-element-4ac7186 e-con-full e-flex wpr-particle-no wpr-jarallax-no wpr-parallax-no wpr-sticky-section-no e-con e-child\" data-id=\"4ac7186\" data-element_type=\"container\">\n\t\t\t\t<div class=\"elementor-element elementor-element-f7a73c2 elementor-widget elementor-widget-google_maps\" data-id=\"f7a73c2\" data-element_type=\"widget\" data-widget_type=\"google_maps.default\">\n\t\t\t\t<div class=\"elementor-widget-container\">\n\t\t\t\t\t\t\t<div class=\"elementor-custom-embed\">\n\t\t\t<iframe loading=\"lazy\"\n\t\t\t\t\tsrc=\"https:\/\/maps.google.com\/maps?q=1230%206th%20Ave%20New%20York%2C%20NY%2010020&#038;t=m&#038;z=15&#038;output=embed&#038;iwloc=near\"\n\t\t\t\t\ttitle=\"1230 6th Ave New York, NY 10020\"\n\t\t\t\t\taria-label=\"1230 6th Ave New York, NY 10020\"\n\t\t\t><\/iframe>\n\t\t<\/div>\n\t\t\t\t\t\t<\/div>\n\t\t\t\t<\/div>\n\t\t\t\t<\/div>\n\t\t\t\t<\/div>\n\t\t\t\t<\/div>\n\t\t","protected":false},"excerpt":{"rendered":"<p>Ponte en contacto Estoy aqu\u00ed para ayudarte a ti y a tus compa\u00f1eros animales. Si tienes preguntas sobre mis servicios o deseas reservar una sesi\u00f3n ponte en contacto, ser\u00e1 un placer acompa\u00f1arte en este camino. Tu camino hacia la armon\u00eda y la sanaci\u00f3n comienza aqu\u00ed: Cont\u00e1ctame Cont\u00e1ctame hoy y da el primer paso hacia una<\/p>\n","protected":false},"author":1,"featured_media":0,"parent":0,"menu_order":0,"comment_status":"closed","ping_status":"closed","template":"","meta":{"site-sidebar-layout":"no-sidebar","site-content-layout":"page-builder","ast-site-content-layout":"default","site-content-style":"default","site-sidebar-style":"default","ast-global-header-display":"","ast-banner-title-visibility":"","ast-main-header-display":"","ast-hfb-above-header-display":"","ast-hfb-below-header-display":"","ast-hfb-mobile-header-display":"","site-post-title":"disabled","ast-breadcrumbs-content":"","ast-featured-img":"disabled","footer-sml-layout":"","ast-disable-related-posts":"","theme-transparent-header-meta":"default","adv-header-id-meta":"","stick-header-meta":"","header-above-stick-meta":"","header-main-stick-meta":"","header-below-stick-meta":"","astra-migrate-meta-layouts":"set","ast-page-background-enabled":"default","ast-page-background-meta":{"desktop":{"background-color":"","background-image":"","background-repeat":"repeat","background-position":"center center","background-size":"auto","background-attachment":"scroll","background-type":"","background-media":"","overlay-type":"","overlay-color":"","overlay-opacity":"","overlay-gradient":""},"tablet":{"background-color":"","background-image":"","background-repeat":"repeat","background-position":"center center","background-size":"auto","background-attachment":"scroll","background-type":"","background-media":"","overlay-type":"","overlay-color":"","overlay-opacity":"","overlay-gradient":""},"mobile":{"background-color":"","background-image":"","background-repeat":"repeat","background-position":"center center","background-size":"auto","background-attachment":"scroll","background-type":"","background-media":"","overlay-type":"","overlay-color":"","overlay-opacity":"","overlay-gradient":""}},"ast-content-background-meta":{"desktop":{"background-color":"var(--ast-global-color-5)","background-image":"","background-repeat":"repeat","background-position":"center center","background-size":"auto","background-attachment":"scroll","background-type":"","background-media":"","overlay-type":"","overlay-color":"","overlay-opacity":"","overlay-gradient":""},"tablet":{"background-color":"var(--ast-global-color-5)","background-image":"","background-repeat":"repeat","background-position":"center center","background-size":"auto","background-attachment":"scroll","background-type":"","background-media":"","overlay-type":"","overlay-color":"","overlay-opacity":"","overlay-gradient":""},"mobile":{"background-color":"var(--ast-global-color-5)","background-image":"","background-repeat":"repeat","background-position":"center center","background-size":"auto","background-attachment":"scroll","background-type":"","background-media":"","overlay-type":"","overlay-color":"","overlay-opacity":"","overlay-gradient":""}},"footnotes":""},"class_list":["post-2012","page","type-page","status-publish","hentry"],"yoast_head":"<!-- This site is optimized with the Yoast SEO plugin v26.6 - https:\/\/yoast.com\/wordpress\/plugins\/seo\/ -->\n<title>Contacto - Animal Communication Ibiza<\/title>\n<meta name=\"description\" content=\"Contacto: Ponte en contacto para mejorar el bienestar de tu animal con Comunicaci\u00f3n Animal, Naturopat\u00eda, Reiki y Cuidado de mascotas.\" \/>\n<meta name=\"robots\" content=\"index, follow, max-snippet:-1, max-image-preview:large, max-video-preview:-1\" \/>\n<link rel=\"canonical\" href=\"https:\/\/animalcommunicationibiza.com\/es\/contacto\/\" \/>\n<meta property=\"og:locale\" content=\"es_ES\" \/>\n<meta property=\"og:type\" content=\"article\" \/>\n<meta property=\"og:title\" content=\"Contacto - Animal Communication Ibiza\" \/>\n<meta property=\"og:description\" content=\"Contacto: Ponte en contacto para mejorar el bienestar de tu animal con Comunicaci\u00f3n Animal, Naturopat\u00eda, Reiki y Cuidado de mascotas.\" \/>\n<meta property=\"og:url\" content=\"https:\/\/animalcommunicationibiza.com\/es\/contacto\/\" \/>\n<meta property=\"og:site_name\" content=\"Animal Communication ibiza\" \/>\n<meta property=\"article:modified_time\" content=\"2025-03-12T11:17:43+00:00\" \/>\n<meta property=\"og:image\" content=\"https:\/\/animalcommunicationibiza.com\/wp-content\/uploads\/2024\/12\/rb_2150104536.png\" \/>\n\t<meta property=\"og:image:width\" content=\"651\" \/>\n\t<meta property=\"og:image:height\" content=\"527\" \/>\n\t<meta property=\"og:image:type\" content=\"image\/png\" \/>\n<meta name=\"twitter:card\" content=\"summary_large_image\" \/>\n<meta name=\"twitter:label1\" content=\"Tiempo de lectura\" \/>\n\t<meta name=\"twitter:data1\" content=\"1 minuto\" \/>\n<script type=\"application\/ld+json\" class=\"yoast-schema-graph\">{\"@context\":\"https:\/\/schema.org\",\"@graph\":[{\"@type\":\"WebPage\",\"@id\":\"https:\/\/animalcommunicationibiza.com\/es\/contacto\/\",\"url\":\"https:\/\/animalcommunicationibiza.com\/es\/contacto\/\",\"name\":\"Contacto - Animal Communication Ibiza\",\"isPartOf\":{\"@id\":\"https:\/\/animalcommunicationibiza.com\/es\/#website\"},\"primaryImageOfPage\":{\"@id\":\"https:\/\/animalcommunicationibiza.com\/es\/contacto\/#primaryimage\"},\"image\":{\"@id\":\"https:\/\/animalcommunicationibiza.com\/es\/contacto\/#primaryimage\"},\"thumbnailUrl\":\"https:\/\/animalcommunicationibiza.com\/wp-content\/uploads\/2024\/12\/rb_2150104536.png\",\"datePublished\":\"2024-10-20T07:56:46+00:00\",\"dateModified\":\"2025-03-12T11:17:43+00:00\",\"description\":\"Contacto: Ponte en contacto para mejorar el bienestar de tu animal con Comunicaci\u00f3n Animal, Naturopat\u00eda, Reiki y Cuidado de mascotas.\",\"breadcrumb\":{\"@id\":\"https:\/\/animalcommunicationibiza.com\/es\/contacto\/#breadcrumb\"},\"inLanguage\":\"es\",\"potentialAction\":[{\"@type\":\"ReadAction\",\"target\":[\"https:\/\/animalcommunicationibiza.com\/es\/contacto\/\"]}]},{\"@type\":\"ImageObject\",\"inLanguage\":\"es\",\"@id\":\"https:\/\/animalcommunicationibiza.com\/es\/contacto\/#primaryimage\",\"url\":\"https:\/\/animalcommunicationibiza.com\/wp-content\/uploads\/2024\/12\/rb_2150104536.png\",\"contentUrl\":\"https:\/\/animalcommunicationibiza.com\/wp-content\/uploads\/2024\/12\/rb_2150104536.png\"},{\"@type\":\"BreadcrumbList\",\"@id\":\"https:\/\/animalcommunicationibiza.com\/es\/contacto\/#breadcrumb\",\"itemListElement\":[{\"@type\":\"ListItem\",\"position\":1,\"name\":\"Home\",\"item\":\"https:\/\/animalcommunicationibiza.com\/es\/\"},{\"@type\":\"ListItem\",\"position\":2,\"name\":\"Contacto\"}]},{\"@type\":\"WebSite\",\"@id\":\"https:\/\/animalcommunicationibiza.com\/es\/#website\",\"url\":\"https:\/\/animalcommunicationibiza.com\/es\/\",\"name\":\"Animal Communication ibiza\",\"description\":\"\",\"publisher\":{\"@id\":\"https:\/\/animalcommunicationibiza.com\/es\/#organization\"},\"potentialAction\":[{\"@type\":\"SearchAction\",\"target\":{\"@type\":\"EntryPoint\",\"urlTemplate\":\"https:\/\/animalcommunicationibiza.com\/es\/?s={search_term_string}\"},\"query-input\":{\"@type\":\"PropertyValueSpecification\",\"valueRequired\":true,\"valueName\":\"search_term_string\"}}],\"inLanguage\":\"es\"},{\"@type\":\"Organization\",\"@id\":\"https:\/\/animalcommunicationibiza.com\/es\/#organization\",\"name\":\"Animal Communication ibiza\",\"url\":\"https:\/\/animalcommunicationibiza.com\/es\/\",\"logo\":{\"@type\":\"ImageObject\",\"inLanguage\":\"es\",\"@id\":\"https:\/\/animalcommunicationibiza.com\/es\/#\/schema\/logo\/image\/\",\"url\":\"https:\/\/animalcommunicationibiza.com\/wp-content\/uploads\/2024\/10\/ACCI-logo.png\",\"contentUrl\":\"https:\/\/animalcommunicationibiza.com\/wp-content\/uploads\/2024\/10\/ACCI-logo.png\",\"width\":500,\"height\":500,\"caption\":\"Animal Communication ibiza\"},\"image\":{\"@id\":\"https:\/\/animalcommunicationibiza.com\/es\/#\/schema\/logo\/image\/\"}}]}<\/script>\n<!-- \/ Yoast SEO plugin. -->","yoast_head_json":{"title":"Contacto - Animal Communication Ibiza","description":"Contacto: Ponte en contacto para mejorar el bienestar de tu animal con Comunicaci\u00f3n Animal, Naturopat\u00eda, Reiki y Cuidado de mascotas.","robots":{"index":"index","follow":"follow","max-snippet":"max-snippet:-1","max-image-preview":"max-image-preview:large","max-video-preview":"max-video-preview:-1"},"canonical":"https:\/\/animalcommunicationibiza.com\/es\/contacto\/","og_locale":"es_ES","og_type":"article","og_title":"Contacto - Animal Communication Ibiza","og_description":"Contacto: Ponte en contacto para mejorar el bienestar de tu animal con Comunicaci\u00f3n Animal, Naturopat\u00eda, Reiki y Cuidado de mascotas.","og_url":"https:\/\/animalcommunicationibiza.com\/es\/contacto\/","og_site_name":"Animal Communication ibiza","article_modified_time":"2025-03-12T11:17:43+00:00","og_image":[{"width":651,"height":527,"url":"https:\/\/animalcommunicationibiza.com\/wp-content\/uploads\/2024\/12\/rb_2150104536.png","type":"image\/png"}],"twitter_card":"summary_large_image","twitter_misc":{"Tiempo de lectura":"1 minuto"},"schema":{"@context":"https:\/\/schema.org","@graph":[{"@type":"WebPage","@id":"https:\/\/animalcommunicationibiza.com\/es\/contacto\/","url":"https:\/\/animalcommunicationibiza.com\/es\/contacto\/","name":"Contacto - Animal Communication Ibiza","isPartOf":{"@id":"https:\/\/animalcommunicationibiza.com\/es\/#website"},"primaryImageOfPage":{"@id":"https:\/\/animalcommunicationibiza.com\/es\/contacto\/#primaryimage"},"image":{"@id":"https:\/\/animalcommunicationibiza.com\/es\/contacto\/#primaryimage"},"thumbnailUrl":"https:\/\/animalcommunicationibiza.com\/wp-content\/uploads\/2024\/12\/rb_2150104536.png","datePublished":"2024-10-20T07:56:46+00:00","dateModified":"2025-03-12T11:17:43+00:00","description":"Contacto: Ponte en contacto para mejorar el bienestar de tu animal con Comunicaci\u00f3n Animal, Naturopat\u00eda, Reiki y Cuidado de mascotas.","breadcrumb":{"@id":"https:\/\/animalcommunicationibiza.com\/es\/contacto\/#breadcrumb"},"inLanguage":"es","potentialAction":[{"@type":"ReadAction","target":["https:\/\/animalcommunicationibiza.com\/es\/contacto\/"]}]},{"@type":"ImageObject","inLanguage":"es","@id":"https:\/\/animalcommunicationibiza.com\/es\/contacto\/#primaryimage","url":"https:\/\/animalcommunicationibiza.com\/wp-content\/uploads\/2024\/12\/rb_2150104536.png","contentUrl":"https:\/\/animalcommunicationibiza.com\/wp-content\/uploads\/2024\/12\/rb_2150104536.png"},{"@type":"BreadcrumbList","@id":"https:\/\/animalcommunicationibiza.com\/es\/contacto\/#breadcrumb","itemListElement":[{"@type":"ListItem","position":1,"name":"Home","item":"https:\/\/animalcommunicationibiza.com\/es\/"},{"@type":"ListItem","position":2,"name":"Contacto"}]},{"@type":"WebSite","@id":"https:\/\/animalcommunicationibiza.com\/es\/#website","url":"https:\/\/animalcommunicationibiza.com\/es\/","name":"Animal Communication ibiza","description":"","publisher":{"@id":"https:\/\/animalcommunicationibiza.com\/es\/#organization"},"potentialAction":[{"@type":"SearchAction","target":{"@type":"EntryPoint","urlTemplate":"https:\/\/animalcommunicationibiza.com\/es\/?s={search_term_string}"},"query-input":{"@type":"PropertyValueSpecification","valueRequired":true,"valueName":"search_term_string"}}],"inLanguage":"es"},{"@type":"Organization","@id":"https:\/\/animalcommunicationibiza.com\/es\/#organization","name":"Animal Communication ibiza","url":"https:\/\/animalcommunicationibiza.com\/es\/","logo":{"@type":"ImageObject","inLanguage":"es","@id":"https:\/\/animalcommunicationibiza.com\/es\/#\/schema\/logo\/image\/","url":"https:\/\/animalcommunicationibiza.com\/wp-content\/uploads\/2024\/10\/ACCI-logo.png","contentUrl":"https:\/\/animalcommunicationibiza.com\/wp-content\/uploads\/2024\/10\/ACCI-logo.png","width":500,"height":500,"caption":"Animal Communication ibiza"},"image":{"@id":"https:\/\/animalcommunicationibiza.com\/es\/#\/schema\/logo\/image\/"}}]}},"_links":{"self":[{"href":"https:\/\/animalcommunicationibiza.com\/es\/wp-json\/wp\/v2\/pages\/2012","targetHints":{"allow":["GET"]}}],"collection":[{"href":"https:\/\/animalcommunicationibiza.com\/es\/wp-json\/wp\/v2\/pages"}],"about":[{"href":"https:\/\/animalcommunicationibiza.com\/es\/wp-json\/wp\/v2\/types\/page"}],"author":[{"embeddable":true,"href":"https:\/\/animalcommunicationibiza.com\/es\/wp-json\/wp\/v2\/users\/1"}],"replies":[{"embeddable":true,"href":"https:\/\/animalcommunicationibiza.com\/es\/wp-json\/wp\/v2\/comments?post=2012"}],"version-history":[{"count":10,"href":"https:\/\/animalcommunicationibiza.com\/es\/wp-json\/wp\/v2\/pages\/2012\/revisions"}],"predecessor-version":[{"id":2392,"href":"https:\/\/animalcommunicationibiza.com\/es\/wp-json\/wp\/v2\/pages\/2012\/revisions\/2392"}],"wp:attachment":[{"href":"https:\/\/animalcommunicationibiza.com\/es\/wp-json\/wp\/v2\/media?parent=2012"}],"curies":[{"name":"wp","href":"https:\/\/api.w.org\/{rel}","templated":true}]}}